{"id":29138,"date":"2020-08-24T12:14:57","date_gmt":"2020-08-24T10:14:57","guid":{"rendered":"https:\/\/marbella-sky-homes.com\/?page_id=29138"},"modified":"2020-08-25T00:03:47","modified_gmt":"2020-08-24T22:03:47","slug":"politica-de-privacidad","status":"publish","type":"page","link":"https:\/\/marbella-sky-homes.com\/es\/politica-de-privacidad\/","title":{"rendered":"Pol\u00edtica de Privacidad"},"content":{"rendered":"<p><strong>POL\u00cdTICA DE PRIVACIDAD Y PROTECCI\u00d3N DE DATOS<\/strong><\/p>\n<p>Respetando lo establecido en la legislaci\u00f3n vigente, marbella-sky-homes.com (en adelante, tambi\u00e9n <em>Sitio Web<\/em>) se compromete a adoptar las medidas t\u00e9cnicas y organizativas necesarias, seg\u00fan el nivel de seguridad adecuado al riesgo de los datos recogidos.<\/p>\n<p>&nbsp;<\/p>\n<p><strong>LEYES QUE INCORPORA ESTA POL\u00cdTICA DE PRIVACIDAD <\/strong><\/p>\n<p>Esta pol\u00edtica de privacidad est\u00e1 adaptada a la normativa espa\u00f1ola y europea vigente en materia de protecci\u00f3n de datos personales en internet. En concreto, la misma respeta las siguientes normas:<\/p>\n<ul>\n<li>Reglamento (UE) 2016\/679 del Parlamento Europeo y del Consejo de 27 de abril de 2016, relativo a la protecci\u00f3n de las personas f\u00edsicas en lo que respecta al tratamiento de datos personales y a la libre circulaci\u00f3n de estos datos (RGDP).<\/li>\n<li>Ley Org\u00e1nica 3\/2018, de 5 de diciembre, de Protecci\u00f3n de Datos Personales y garant\u00eda de los derechos digitales (LOPD-GDD).<\/li>\n<li>Real Decreto 1720\/2007, de 21 de diciembre, por el que se aprueba el Reglamento de Desarrollo de la Ley Org\u00e1nica 15\/1999, de 13 de diciembre, de Protecci\u00f3n de Datos de Car\u00e1cter Personal (RDLOPD).<\/li>\n<li>Ley 34\/2002, de 11 de julio, de Servicios de la Sociedad de la informaci\u00f3n y del Comercio Electr\u00f3nico (LSSI-CE).<\/li>\n<\/ul>\n<p>&nbsp;<\/p>\n<p><strong>IDENTIDAD DEL RESPONSABLE DEL TRATAMIENTO DE LOS DATOS PERSONALES<\/strong><\/p>\n<p>El responsable del tratamiento de los datos personales recogidos en marbella-sky-homes.com, es Michael Bergmann, con NIE &#8230;&#8230;, (en adelante, Responsable del tratamiento). Sus datos de contacto son los siguientes:<\/p>\n<p>Direcci\u00f3n: Calle Limonero,Benahav\u00eds, Marbella, M\u00e1laga 29679.<\/p>\n<p>E-mail: info@marbella-sky-homes.com<\/p>\n<p>&nbsp;<\/p>\n<p><strong>DELEGADO DE PROTECCION DE DATOS (DPD)<\/strong><\/p>\n<p>El Delegado de Protecci\u00f3n de Datos (DPD o DPO) es el encargado de velar por el cumplimiento de la normativa de protecci\u00f3n de datos a la cual se encuentra sujeta. El Usuario puede contactar con el DPD designado por el Responsable de tratamiento utilizando los siguientes datos de contacto:<\/p>\n<p>Direcci\u00f3n: Calle Limonero, Benahav\u00eds, Marbella, M\u00e1laga 29679.<\/p>\n<p>E-mail: marbella-sky-homes.com<\/p>\n<p>&nbsp;<\/p>\n<p><strong>REGISTRO DE DATOS DE CAR\u00c1CTER PERSONAL<\/strong><\/p>\n<p>En cumplimiento de lo establecido en el RGPD y la LOPD-GDD, le informamos que los datos personales recabados por marbella-sky-homes.com mediante los formularios extendidos en sus p\u00e1ginas quedar\u00e1n incorporados y ser\u00e1n tratados en nuestros ficheros con el fin de poder facilitar, agilizar y cumplir los compromisos establecidos entre marbella-sky-homes.com y el Usuario o el mantenimiento de la relaci\u00f3n que se establezca en los formularios que este rellene, o para atender una solicitud o consulta del mismo. Asimismo, de conformidad con lo previsto en el RGPD y la LOPD-GDD, salvo que sea de aplicaci\u00f3n la excepci\u00f3n prevista en el Art. 30.5 del RGPD, se mantiene un registro de actividades de tratamiento que especifica, seg\u00fan sus finalidades, las actividades de tratamiento llevadas a cabo y las dem\u00e1s circunstancias establecidas en el RGPD.<\/p>\n<p>&nbsp;<\/p>\n<p><strong>PRINCIPIOS APLICABLES AL TRATAMIENTO DE LOS DATOS PERSONALES<\/strong><\/p>\n<p>El tratamiento de datos personales del Usuario se someter\u00e1 a los principios recogidos en el Art. 5 del RGPD y en el Art. 4 y siguientes de la Ley Org\u00e1nica 3\/2018, de 5 de diciembre, de Protecci\u00f3n de Datos Personales y garant\u00eda de los derechos digitales.<\/p>\n<p>&nbsp;<\/p>\n<p><strong>CATEGOR\u00cdAS DE DATOS PERSONALES<\/strong><\/p>\n<p>Las categor\u00edas de datos que se tratan en by-bright.com son \u00fanicamente datos identificativos. En ning\u00fan caso, se tratan categor\u00edas especiales de datos personales en el sentido del Art. 9 del RGPD.<\/p>\n<p>&nbsp;<\/p>\n<p><strong>BASE LEGAL PARA EL TRATAMIENTO DE LOS DATOS PERSONALES <\/strong><\/p>\n<p>La base legal para el tratamiento de los datos personales es el consentimiento. Marbella-sky-homes.com se compromete a recabar el consentimiento del Usuario para el tratamiento de sus datos personales para uno o varios fines espec\u00edficos.<\/p>\n<p>El Usuario tendr\u00e1 derecho a retirar su consentimiento en cualquier momento. Como norma general la retirada del consentimiento no condicionar\u00e1 el uso del Sitio Web.<\/p>\n<p>En las ocasiones en las que el Usuario deba o pueda facilitar sus datos a trav\u00e9s de formularios para realizar consultas, solicitar informaci\u00f3n o por motivos relacionados con el contenido del Sitio Web, se le informara en caso de que la cumplimentaci\u00f3n de alguno de ellos sea obligatoria debido a que los mismos ser\u00e1n imprescindibles para el correcto desarrollo de la operaci\u00f3n realizada.<\/p>\n<p>Respetando lo establecido en los Art. 8 del RGPD y 7 de la Ley Org\u00e1nica 3\/2018, de 5 de diciembre, de Protecci\u00f3n de Datos Personales y garant\u00eda de los derechos digitales, solo los mayores de 14 a\u00f1os podr\u00e1n otorgar el consentimiento para el tratamiento de los datos personales de forma l\u00edcita por by-bright.com. Si se trata de un menor de 14 a\u00f1os, ser\u00e1 necesario el consentimiento de los padres o tutores legales para el tratamiento.<\/p>\n<p>&nbsp;<\/p>\n<p><strong>PERIODOS DE RETENCI\u00d3N DE LOS DATOS PERSONALES<\/strong><\/p>\n<p>Los datos personales solo ser\u00e1n retenidos durante el tiempo m\u00ednimo necesario para los fines de su tratamiento y, en todo caso, \u00fanicamente durante el plazo de 12 meses o hasta que el Usuario solicite su supresi\u00f3n.<\/p>\n<p>&nbsp;<\/p>\n<p><strong>DESTINATARIOS DE LOS DATOS PERSONALES<\/strong><\/p>\n<p>Los datos personales del Usuario ser\u00e1n compartidos con los siguientes destinatarios o categor\u00edas de destinatarios:<\/p>\n<ul>\n<li>Entidades Financieras<\/li>\n<li>Empresas Aseguradoras<\/li>\n<li>Proveedores<\/li>\n<li>Agencias Inmobiliarias<\/li>\n<\/ul>\n<p>&nbsp;<\/p>\n<p><strong>SECRETO Y SEGURIDAD DE LOS DATOS PERSONALES<\/strong><\/p>\n<p>Marbella-sky-homes.com se compromete a adoptar las medidas t\u00e9cnicas y organizativas necesarias, seg\u00fan el nivel de seguridad adecuado al riesgo de los datos recogidos, de forma que se garantice la seguridad de los datos de car\u00e1cter personal y se evite la destrucci\u00f3n, p\u00e9rdida o alteraci\u00f3n accidental o il\u00edcita de datos personales transmitidos, conservados o tratados de otra forma o la continuaci\u00f3n o acceso no autorizados a dichos datos.<\/p>\n<p>Sin embargo, debido a que marbella-sky-homes.com no puede garantizar la inexpugnabilidad de internet ni la ausencia total de los hackers u otros que accedan de modo fraudulento a los datos personales, el Responsable del tratamiento se compromete a comunicar al Usuario sin dilaci\u00f3n indebida cuando ocurra una violaci\u00f3n de la seguridad de los datos personales que sea probable que entra\u00f1e un alto riesgo para los derechos del Usuario.<\/p>\n<p>Los datos personales ser\u00e1n tratados como confidenciales por el Responsable del tratamiento, quien se compromete a informar de y a garantizar por medio de una obligaci\u00f3n legal o contractual que dicha confidencialidad sea respetada por sus empresas, asociados y toda persona a la cual le haga accesible la informaci\u00f3n.<\/p>\n<p>&nbsp;<\/p>\n<p><strong>DERECHOS DERIVADOS DEL TRATAMIENTO DE LOS DATOS PERSONALES<\/strong><\/p>\n<p>El Usuario tiene sobre marbella-sky-homes.com y podr\u00e1, por tanto, ejercer frente al Responsable del tratamiento los siguientes derechos reconocidos en el RGPD y en la Ley Org\u00e1nica 3\/2018, de 5 de diciembre, de Protecci\u00f3n de Datos Personales y garant\u00eda de los derechos digitales:<\/p>\n<ul>\n<li><em>Derecho de acceso:<\/em> es el derecho del Usuario a obtener confirmaci\u00f3n de si marbella-sky-homes.com est\u00e1 tratando o no sus datos personales y, en caso afirmativo, obtener informaci\u00f3n sobre sus datos concretos de car\u00e1cter personal y del tratamiento que marbella-sky-homes.com haya realizado o realice, as\u00ed como, entre otra, de la informaci\u00f3n disponible sobre el origen de dichos datos y los destinatarios de las comunicaciones realizadas o previstas de los mismos.<\/li>\n<li><em>Derecho de rectificaci\u00f3n:<\/em> es el derecho del Usuario a que se modifiquen sus datos personales que resulten ser inexactos o, teniendo en cuenta los fines del tratamiento, incompletos o que hubiesen cambiado.<\/li>\n<li><em>Derecho de supresi\u00f3n (\u201cel derecho de olvido\u201d):<\/em> es el derecho del Usuario, siempre que la legislaci\u00f3n vigente no establezca lo contrario, a obtener la supresi\u00f3n de sus datos personales cuando estos ya no sean necesarios para los fines para los cuales fueron recogidos o tratados; el Usuario haya retirado su consentimiento al tratamiento y este no cuente con otra base legal; el Usuario se oponga al tratamiento y no exista otro motivo leg\u00edtimo para continuar con el mismo; los datos personales hayan sido tratados il\u00edcitamente, los datos personales deban suprimirse en cumplimiento de una obligaci\u00f3n legal; o los datos personales hayan sido obtenidos producto de una oferta directa de servicios de la sociedad de la informaci\u00f3n a un menor de 14 a\u00f1os. Adem\u00e1s de suprimir los datos, el Responsable del tratamiento, teniendo en cuenta la tecnolog\u00eda disponible y el coste de su aplicaci\u00f3n, deber\u00e1 adoptar medidas razonables para informar a los responsables que est\u00e9n tratando los datos personales de la solicitud del interesado de supresi\u00f3n de cualquier enlace a estos datos personales.<\/li>\n<li><em>Derecho de la limitaci\u00f3n del tratamiento<\/em>: es el derecho del Usuario a limitar el tratamiento de sus datos personales. El Usuario tiene derecho a obtener la limitaci\u00f3n del tratamiento cuando impugne la exactitud de sus datos personales, el tratamiento sea il\u00edcito; el Responsable del tratamiento ya no necesite los datos personales, pero el Usuario lo necesite para hacer reclamaciones; y cuando el Usuario se haya opuesto al tratamiento.<\/li>\n<li><em>Derecho a la portabilidad de los datos<\/em>: en caso de que el tratamiento se efect\u00fae por medios automatizados, el Usuario tendr\u00e1 derecho a recibir del Responsable del tratamiento sus datos personales en un formato estructurado, de uso com\u00fan y lectura mec\u00e1nica, y a transmitirlos a otro responsable del tratamiento. Siempre que sea t\u00e9cnicamente posible, el Responsable del tratamiento transmitir\u00e1 directamente los datos a ese otro responsable.<\/li>\n<li><em>Derecho de oposici\u00f3n<\/em>: es el derecho del Usuario a que no se lleve a cabo el tratamiento de sus datos de car\u00e1cter personal o se cese el tratamiento de los mismos por parte de by-bright.com.<\/li>\n<li><em>Derecho a no ser objeto de una decisi\u00f3n basada \u00fanicamente en el tratamiento automatizado, incluida la elaboraci\u00f3n de perfiles<\/em>: es el derecho del Usuario a no ser objeto de una decisi\u00f3n individualizada basada \u00fanicamente en el tratamiento automatizado de sus datos personales, incluida la elaboraci\u00f3n de perfiles, existente salvo que la legislaci\u00f3n vigente establezca lo contrario.<\/li>\n<\/ul>\n<p>As\u00ed pues, el Usuario podr\u00e1 ejercitar sus derechos mediante comunicaci\u00f3n escrita dirigida al Responsable del tratamiento con la referencia \u201cRGPD-PP-MARBELLA SKY HOMES\u201d especificando:<\/p>\n<ul>\n<li>Nombre, apellido\/s del Usuario y copia del DNI. En los casos en que se admita la representaci\u00f3n ser\u00e1 tambi\u00e9n necesaria la identificaci\u00f3n por el mismo medio de la personal que representa al Usuario, as\u00ed como la documentaci\u00f3n que acredite tal representaci\u00f3n. La fotocopia del DNI podr\u00e1 ser sustituida por cualquier otro medio v\u00e1lido en derecho que acredite la identidad.<\/li>\n<li>Petici\u00f3n con los motivos espec\u00edficos de la solicitud o informaci\u00f3n a la que ese quiere acceder<\/li>\n<li>Domicilio a efectos de notificaciones<\/li>\n<li>Fecha y firma del solicitante<\/li>\n<li>Todo documento que acredite la petici\u00f3n que formula<\/li>\n<\/ul>\n<p>Esta solicitud y todo otro documento adjunto podr\u00e1 enviarse a la siguiente direcci\u00f3n y\/o correo electr\u00f3nico:<\/p>\n<p>Direcci\u00f3n Postal: Calle Limonero, Benahav\u00eds, Marbella, M\u00e1laga 29679.<\/p>\n<p>Correo Electr\u00f3nico: <a href=\"mailto:info@marbella-sky-homes.com\">info@marbella-sky-homes.com<\/a><\/p>\n<p>&nbsp;<\/p>\n<p><strong>ENLACES A SITIOS WEB DE TERCEROS<\/strong><\/p>\n<p>El Sitio Web puede incluir hiperv\u00ednculos o enlaces que permiten acceder a p\u00e1ginas web de terceros distintos de marbella-sky-homes.com, y que por tanto no son operados por by-bright.com. Los titulares de dichos sitios web dispondr\u00e1n de sus propias pol\u00edticas de protecci\u00f3n de datos, siendo ellos mismos, en cada caso, responsables de sus propios ficheros y de sus propias pr\u00e1cticas de privacidad.<\/p>\n<p>&nbsp;<\/p>\n<p><strong>RECLAMACIONES ANTE LA AUTORIDAD DE CONTROL<\/strong><\/p>\n<p>En caso de que el Usuario considere que existe un problema o infracci\u00f3n de la normativa vigente en a la forma en la que se est\u00e1n tratando sus datos personales, tendr\u00e1 derecho a la tutela judicial efectiva y a la presentar la reclamaci\u00f3n ante una autoridad de control, en particular, en el Estado en el que tenga su residencia habitual, lugar de trabajo o lugar de la supuesta infracci\u00f3n. En el caso de Espa\u00f1a, la autoridad de control es la Agencia Espa\u00f1ola de Protecci\u00f3n de Datos (<a href=\"http:\/\/www.agpd.es\" target=\"_blank\" rel=\"noopener noreferrer\">http:\/\/www.agpd.es<\/a>).<\/p>\n<p>&nbsp;<\/p>\n<p><strong>ACEPTACI\u00d3N Y CAMBIOS EN LA POL\u00cdTICA DE PRIVACIDAD <\/strong><\/p>\n<p>Es necesario que el Usuario haya le\u00eddo y est\u00e9 conforme con las condiciones de protecci\u00f3n de datos de car\u00e1cter personal contenidas en esta Pol\u00edtica de Privacidad, as\u00ed como que acepte el tratamiento de sus datos personales para que el Responsable del tratamiento pueda proceder al mismo en la forma, durante los plazos y para las finalidades indicadas. El uso del Sitio Web implicar\u00e1 la aceptaci\u00f3n de la Pol\u00edtica de Privacidad.<\/p>\n<p>Marbella-sky-homes.com se reserva el derecho a modificar su Pol\u00edtica de Privacidad de acuerdo con su propio criterio, o motivado por un cambio legislativo, jurisprudencial o doctrinal de la Agencia Espa\u00f1ola de Protecci\u00f3n de Datos. Los cambios o actualizaciones de esta Pol\u00edtica de Privacidad ser\u00e1n notificados de forma expl\u00edcita al Usuario.<\/p>\n","protected":false},"excerpt":{"rendered":"<p>POL\u00cdTICA DE PRIVACIDAD Y PROTECCI\u00d3N DE DATOS Respetando lo establecido en la legislaci\u00f3n vigente, marbella-sky-homes.com (en adelante, tambi\u00e9n Sitio Web) se compromete a adoptar las medidas t\u00e9cnicas y organizativas necesarias, seg\u00fan el nivel de seguridad adecuado al riesgo de los datos recogidos. &nbsp; LEYES QUE INCORPORA ESTA POL\u00cdTICA DE PRIVACIDAD Esta pol\u00edtica de privacidad est\u00e1 [&hellip;]<\/p>\n","protected":false},"author":1,"featured_media":0,"parent":0,"menu_order":0,"comment_status":"closed","ping_status":"open","template":"","meta":{"_et_pb_use_builder":"","_et_pb_old_content":"","_et_gb_content_width":"","footnotes":""},"class_list":["post-29138","page","type-page","status-publish","hentry"],"yoast_head":"<!-- This site is optimized with the Yoast SEO plugin v26.0 - https:\/\/yoast.com\/wordpress\/plugins\/seo\/ -->\n<title>Pol\u00edtica de Privacidad - Marbella Sky Homes<\/title>\n<meta name=\"robots\" content=\"noindex, nofollow\" \/>\n<meta property=\"og:locale\" content=\"es_ES\" \/>\n<meta property=\"og:type\" content=\"article\" \/>\n<meta property=\"og:title\" content=\"Pol\u00edtica de Privacidad - Marbella Sky Homes\" \/>\n<meta property=\"og:description\" content=\"POL\u00cdTICA DE PRIVACIDAD Y PROTECCI\u00d3N DE DATOS Respetando lo establecido en la legislaci\u00f3n vigente, marbella-sky-homes.com (en adelante, tambi\u00e9n Sitio Web) se compromete a adoptar las medidas t\u00e9cnicas y organizativas necesarias, seg\u00fan el nivel de seguridad adecuado al riesgo de los datos recogidos. &nbsp; LEYES QUE INCORPORA ESTA POL\u00cdTICA DE PRIVACIDAD Esta pol\u00edtica de privacidad est\u00e1 [&hellip;]\" \/>\n<meta property=\"og:url\" content=\"https:\/\/marbella-sky-homes.com\/es\/politica-de-privacidad\/\" \/>\n<meta property=\"og:site_name\" content=\"Marbella Sky Homes\" \/>\n<meta property=\"article:modified_time\" content=\"2020-08-24T22:03:47+00:00\" \/>\n<meta name=\"twitter:card\" content=\"summary_large_image\" \/>\n<meta name=\"twitter:label1\" content=\"Tiempo de lectura\" \/>\n\t<meta name=\"twitter:data1\" content=\"11 minutos\" \/>\n<script type=\"application\/ld+json\" class=\"yoast-schema-graph\">{\"@context\":\"https:\/\/schema.org\",\"@graph\":[{\"@type\":\"WebPage\",\"@id\":\"https:\/\/marbella-sky-homes.com\/es\/politica-de-privacidad\/\",\"url\":\"https:\/\/marbella-sky-homes.com\/es\/politica-de-privacidad\/\",\"name\":\"Pol\u00edtica de Privacidad - Marbella Sky Homes\",\"isPartOf\":{\"@id\":\"https:\/\/marbella-sky-homes.com\/es\/#website\"},\"datePublished\":\"2020-08-24T10:14:57+00:00\",\"dateModified\":\"2020-08-24T22:03:47+00:00\",\"breadcrumb\":{\"@id\":\"https:\/\/marbella-sky-homes.com\/es\/politica-de-privacidad\/#breadcrumb\"},\"inLanguage\":\"es\",\"potentialAction\":[{\"@type\":\"ReadAction\",\"target\":[\"https:\/\/marbella-sky-homes.com\/es\/politica-de-privacidad\/\"]}]},{\"@type\":\"BreadcrumbList\",\"@id\":\"https:\/\/marbella-sky-homes.com\/es\/politica-de-privacidad\/#breadcrumb\",\"itemListElement\":[{\"@type\":\"ListItem\",\"position\":1,\"name\":\"Portada\",\"item\":\"https:\/\/marbella-sky-homes.com\/es\/\"},{\"@type\":\"ListItem\",\"position\":2,\"name\":\"Pol\u00edtica de Privacidad\"}]},{\"@type\":\"WebSite\",\"@id\":\"https:\/\/marbella-sky-homes.com\/es\/#website\",\"url\":\"https:\/\/marbella-sky-homes.com\/es\/\",\"name\":\"Marbella Sky Homes\",\"description\":\"Marbella Sky Homes | Finest exclusive Properties\",\"potentialAction\":[{\"@type\":\"SearchAction\",\"target\":{\"@type\":\"EntryPoint\",\"urlTemplate\":\"https:\/\/marbella-sky-homes.com\/es\/?s={search_term_string}\"},\"query-input\":{\"@type\":\"PropertyValueSpecification\",\"valueRequired\":true,\"valueName\":\"search_term_string\"}}],\"inLanguage\":\"es\"}]}<\/script>\n<!-- \/ Yoast SEO plugin. -->","yoast_head_json":{"title":"Pol\u00edtica de Privacidad - Marbella Sky Homes","robots":{"index":"noindex","follow":"nofollow"},"og_locale":"es_ES","og_type":"article","og_title":"Pol\u00edtica de Privacidad - Marbella Sky Homes","og_description":"POL\u00cdTICA DE PRIVACIDAD Y PROTECCI\u00d3N DE DATOS Respetando lo establecido en la legislaci\u00f3n vigente, marbella-sky-homes.com (en adelante, tambi\u00e9n Sitio Web) se compromete a adoptar las medidas t\u00e9cnicas y organizativas necesarias, seg\u00fan el nivel de seguridad adecuado al riesgo de los datos recogidos. &nbsp; LEYES QUE INCORPORA ESTA POL\u00cdTICA DE PRIVACIDAD Esta pol\u00edtica de privacidad est\u00e1 [&hellip;]","og_url":"https:\/\/marbella-sky-homes.com\/es\/politica-de-privacidad\/","og_site_name":"Marbella Sky Homes","article_modified_time":"2020-08-24T22:03:47+00:00","twitter_card":"summary_large_image","twitter_misc":{"Tiempo de lectura":"11 minutos"},"schema":{"@context":"https:\/\/schema.org","@graph":[{"@type":"WebPage","@id":"https:\/\/marbella-sky-homes.com\/es\/politica-de-privacidad\/","url":"https:\/\/marbella-sky-homes.com\/es\/politica-de-privacidad\/","name":"Pol\u00edtica de Privacidad - Marbella Sky Homes","isPartOf":{"@id":"https:\/\/marbella-sky-homes.com\/es\/#website"},"datePublished":"2020-08-24T10:14:57+00:00","dateModified":"2020-08-24T22:03:47+00:00","breadcrumb":{"@id":"https:\/\/marbella-sky-homes.com\/es\/politica-de-privacidad\/#breadcrumb"},"inLanguage":"es","potentialAction":[{"@type":"ReadAction","target":["https:\/\/marbella-sky-homes.com\/es\/politica-de-privacidad\/"]}]},{"@type":"BreadcrumbList","@id":"https:\/\/marbella-sky-homes.com\/es\/politica-de-privacidad\/#breadcrumb","itemListElement":[{"@type":"ListItem","position":1,"name":"Portada","item":"https:\/\/marbella-sky-homes.com\/es\/"},{"@type":"ListItem","position":2,"name":"Pol\u00edtica de Privacidad"}]},{"@type":"WebSite","@id":"https:\/\/marbella-sky-homes.com\/es\/#website","url":"https:\/\/marbella-sky-homes.com\/es\/","name":"Marbella Sky Homes","description":"Marbella Sky Homes | Finest exclusive Properties","potentialAction":[{"@type":"SearchAction","target":{"@type":"EntryPoint","urlTemplate":"https:\/\/marbella-sky-homes.com\/es\/?s={search_term_string}"},"query-input":{"@type":"PropertyValueSpecification","valueRequired":true,"valueName":"search_term_string"}}],"inLanguage":"es"}]}},"_links":{"self":[{"href":"https:\/\/marbella-sky-homes.com\/es\/wp-json\/wp\/v2\/pages\/29138","targetHints":{"allow":["GET"]}}],"collection":[{"href":"https:\/\/marbella-sky-homes.com\/es\/wp-json\/wp\/v2\/pages"}],"about":[{"href":"https:\/\/marbella-sky-homes.com\/es\/wp-json\/wp\/v2\/types\/page"}],"author":[{"embeddable":true,"href":"https:\/\/marbella-sky-homes.com\/es\/wp-json\/wp\/v2\/users\/1"}],"replies":[{"embeddable":true,"href":"https:\/\/marbella-sky-homes.com\/es\/wp-json\/wp\/v2\/comments?post=29138"}],"version-history":[{"count":1,"href":"https:\/\/marbella-sky-homes.com\/es\/wp-json\/wp\/v2\/pages\/29138\/revisions"}],"predecessor-version":[{"id":29139,"href":"https:\/\/marbella-sky-homes.com\/es\/wp-json\/wp\/v2\/pages\/29138\/revisions\/29139"}],"wp:attachment":[{"href":"https:\/\/marbella-sky-homes.com\/es\/wp-json\/wp\/v2\/media?parent=29138"}],"curies":[{"name":"wp","href":"https:\/\/api.w.org\/{rel}","templated":true}]}}